{"id":48,"date":"2023-02-08T13:03:07","date_gmt":"2023-02-08T13:03:07","guid":{"rendered":"https:\/\/episcope.lynx-business.fr\/?page_id=48"},"modified":"2024-01-18T09:25:13","modified_gmt":"2024-01-18T09:25:13","slug":"conditions-generales","status":"publish","type":"page","link":"https:\/\/theostream.com\/p\/conditions-generales\/","title":{"rendered":"Conditions G\u00e9n\u00e9rales"},"content":{"rendered":"\t\t<div data-elementor-type=\"wp-page\" data-elementor-id=\"48\" class=\"elementor elementor-48\">\n\t\t\t\t\t\t\t\t\t<section class=\"elementor-section elementor-top-section elementor-element elementor-element-a02ce48 elementor-section-boxed elementor-section-height-default elementor-section-height-default\" data-id=\"a02ce48\" data-element_type=\"section\">\n\t\t\t\t\t\t<div class=\"elementor-container elementor-column-gap-default\">\n\t\t\t\t\t<div class=\"elementor-column elementor-col-100 elementor-top-column elementor-element elementor-element-c604ea3\" data-id=\"c604ea3\" data-element_type=\"column\">\n\t\t\t<div class=\"elementor-widget-wrap elementor-element-populated\">\n\t\t\t\t\t\t\t\t<div class=\"elementor-element elementor-element-0d72ad1 elementor-hidden-tablet elementor-hidden-mobile elementor-widget elementor-widget-spacer\" data-id=\"0d72ad1\" data-element_type=\"widget\" data-widget_type=\"spacer.default\">\n\t\t\t\t<div class=\"elementor-widget-container\">\n\t\t\t<style>\/*! elementor - v3.16.0 - 20-09-2023 *\/\n.elementor-column .elementor-spacer-inner{height:var(--spacer-size)}.e-con{--container-widget-width:100%}.e-con-inner>.elementor-widget-spacer,.e-con>.elementor-widget-spacer{width:var(--container-widget-width,var(--spacer-size));--align-self:var(--container-widget-align-self,initial);--flex-shrink:0}.e-con-inner>.elementor-widget-spacer>.elementor-widget-container,.e-con>.elementor-widget-spacer>.elementor-widget-container{height:100%;width:100%}.e-con-inner>.elementor-widget-spacer>.elementor-widget-container>.elementor-spacer,.e-con>.elementor-widget-spacer>.elementor-widget-container>.elementor-spacer{height:100%}.e-con-inner>.elementor-widget-spacer>.elementor-widget-container>.elementor-spacer>.elementor-spacer-inner,.e-con>.elementor-widget-spacer>.elementor-widget-container>.elementor-spacer>.elementor-spacer-inner{height:var(--container-widget-height,var(--spacer-size))}.e-con-inner>.elementor-widget-spacer.elementor-widget-empty,.e-con>.elementor-widget-spacer.elementor-widget-empty{position:relative;min-height:22px;min-width:22px}.e-con-inner>.elementor-widget-spacer.elementor-widget-empty .elementor-widget-empty-icon,.e-con>.elementor-widget-spacer.elementor-widget-empty .elementor-widget-empty-icon{position:absolute;top:0;bottom:0;left:0;right:0;margin:auto;padding:0;width:22px;height:22px}<\/style>\t\t<div class=\"elementor-spacer\">\n\t\t\t<div class=\"elementor-spacer-inner\"><\/div>\n\t\t<\/div>\n\t\t\t\t<\/div>\n\t\t\t\t<\/div>\n\t\t\t\t\t<\/div>\n\t\t<\/div>\n\t\t\t\t\t\t\t<\/div>\n\t\t<\/section>\n\t\t\t\t<section class=\"elementor-section elementor-top-section elementor-element elementor-element-f6fb78b elementor-section-boxed elementor-section-height-default elementor-section-height-default\" data-id=\"f6fb78b\" data-element_type=\"section\">\n\t\t\t\t\t\t<div class=\"elementor-container elementor-column-gap-default\">\n\t\t\t\t\t<div class=\"elementor-column elementor-col-100 elementor-top-column elementor-element elementor-element-d8ad1aa\" data-id=\"d8ad1aa\" data-element_type=\"column\">\n\t\t\t<div class=\"elementor-widget-wrap elementor-element-populated\">\n\t\t\t\t\t\t\t\t<div class=\"elementor-element elementor-element-7e9de72 elementor-widget elementor-widget-heading\" data-id=\"7e9de72\" data-element_type=\"widget\" data-widget_type=\"heading.default\">\n\t\t\t\t<div class=\"elementor-widget-container\">\n\t\t\t<style>\/*! elementor - v3.16.0 - 20-09-2023 *\/\n.elementor-heading-title{padding:0;margin:0;line-height:1}.elementor-widget-heading .elementor-heading-title[class*=elementor-size-]>a{color:inherit;font-size:inherit;line-height:inherit}.elementor-widget-heading .elementor-heading-title.elementor-size-small{font-size:15px}.elementor-widget-heading .elementor-heading-title.elementor-size-medium{font-size:19px}.elementor-widget-heading .elementor-heading-title.elementor-size-large{font-size:29px}.elementor-widget-heading .elementor-heading-title.elementor-size-xl{font-size:39px}.elementor-widget-heading .elementor-heading-title.elementor-size-xxl{font-size:59px}<\/style><h1 class=\"elementor-heading-title elementor-size-default\">Conditions G\u00e9n\u00e9rales<\/h1>\t\t<\/div>\n\t\t\t\t<\/div>\n\t\t\t\t\t<\/div>\n\t\t<\/div>\n\t\t\t\t\t\t\t<\/div>\n\t\t<\/section>\n\t\t\t\t<section class=\"elementor-section elementor-top-section elementor-element elementor-element-2a14d24 elementor-section-boxed elementor-section-height-default elementor-section-height-default\" data-id=\"2a14d24\" data-element_type=\"section\">\n\t\t\t\t\t\t<div class=\"elementor-container elementor-column-gap-default\">\n\t\t\t\t\t<div class=\"elementor-column elementor-col-100 elementor-top-column elementor-element elementor-element-21b7ae1\" data-id=\"21b7ae1\" data-element_type=\"column\">\n\t\t\t<div class=\"elementor-widget-wrap\">\n\t\t\t\t\t\t\t\t\t<\/div>\n\t\t<\/div>\n\t\t\t\t\t\t\t<\/div>\n\t\t<\/section>\n\t\t\t\t<section class=\"elementor-section elementor-top-section elementor-element elementor-element-bede965 elementor-section-boxed elementor-section-height-default elementor-section-height-default\" data-id=\"bede965\" data-element_type=\"section\">\n\t\t\t\t\t\t<div class=\"elementor-container elementor-column-gap-default\">\n\t\t\t\t\t<div class=\"elementor-column elementor-col-100 elementor-top-column elementor-element elementor-element-ff4cb8e\" data-id=\"ff4cb8e\" data-element_type=\"column\">\n\t\t\t<div class=\"elementor-widget-wrap elementor-element-populated\">\n\t\t\t\t\t\t\t\t<div class=\"elementor-element elementor-element-832f116 elementor-widget elementor-widget-text-editor\" data-id=\"832f116\" data-element_type=\"widget\" data-widget_type=\"text-editor.default\">\n\t\t\t\t<div class=\"elementor-widget-container\">\n\t\t\t<style>\/*! elementor - v3.16.0 - 20-09-2023 *\/\n.elementor-widget-text-editor.elementor-drop-cap-view-stacked .elementor-drop-cap{background-color:#69727d;color:#fff}.elementor-widget-text-editor.elementor-drop-cap-view-framed .elementor-drop-cap{color:#69727d;border:3px solid;background-color:transparent}.elementor-widget-text-editor:not(.elementor-drop-cap-view-default) .elementor-drop-cap{margin-top:8px}.elementor-widget-text-editor:not(.elementor-drop-cap-view-default) .elementor-drop-cap-letter{width:1em;height:1em}.elementor-widget-text-editor .elementor-drop-cap{float:left;text-align:center;line-height:1;font-size:50px}.elementor-widget-text-editor .elementor-drop-cap-letter{display:inline-block}<\/style>\t\t\t\t<h3 style=\"color: #98a9bf;\">Conditions g\u00e9n\u00e9rales d&rsquo;utilisation d&rsquo;un site Internet<\/h3><p>Le pr\u00e9sent document a pour objet de d\u00e9finir les modalit\u00e9s et conditions dans lesquelles d\u2019une part, La Communaut\u00e9 de l&rsquo;Emmanuel, ci-apr\u00e8s d\u00e9nomm\u00e9e l\u2019EDITEUR, met \u00e0 la disposition de ses utilisateurs le site, et les services disponibles sur le site et d\u2019autre part, la mani\u00e8re par laquelle l\u2019utilisateur acc\u00e8de au site et utilise ses services.<\/p><p>Toute connexion au site est subordonn\u00e9e au respect des pr\u00e9sentes conditions.<br \/>Pour l\u2019utilisateur, le simple acc\u00e8s au site de l\u2019EDITEUR \u00e0 l\u2019adresse URL suivante :<a href=\"https:\/\/theostream.com\/\"> https:\/\/theostream.com\/<\/a> implique l\u2019acceptation de l\u2019ensemble des conditions d\u00e9crites ci-apr\u00e8s.<\/p><h3 style=\"color: #98a9bf;\">\u00a0Propri\u00e9t\u00e9 intellectuelle<\/h3><p>Aucune reproduction, m\u00eame partielle pr\u00e9vue \u00e0 l\u2019article L.122-5 du Code de la propri\u00e9t\u00e9 intellectuelle, ne peut \u00eatre faite de ce site sans l\u2019autorisation du directeur de publication.<\/p><h3 style=\"color: #98a9bf;\">\u00a0Liens hypertextes<\/h3><p>Le site\u00a0 THEOSTREAM peut contenir des liens hypertextes vers d\u2019autres sites pr\u00e9sents sur le r\u00e9seau Internet. Les liens vers ces autres ressources vous font quitter le site THEOSTREAM.<br \/>Il est possible de cr\u00e9er un lien vers la page de pr\u00e9sentation de ce site sans autorisation expresse de l\u2019EDITEUR. Aucune autorisation ou demande d\u2019information pr\u00e9alable ne peut \u00eatre exig\u00e9e par l\u2019\u00e9diteur \u00e0 l\u2019\u00e9gard d\u2019un site qui souhaite \u00e9tablir un lien vers le site de l\u2019\u00e9diteur. Il convient toutefois d\u2019afficher ce site dans une nouvelle fen\u00eatre du navigateur.<\/p><p>Cependant, l\u2019EDITEUR se r\u00e9serve le droit de demander la suppression d\u2019un lien qu\u2019il estime non conforme \u00e0 l\u2019objet du site THEOSTREAM.<\/p><h3 style=\"color: #98a9bf;\">Responsabilit\u00e9 de l\u2019\u00e9diteur<\/h3><p>Les informations et\/ou documents figurant sur ce site et\/ou accessibles par ce site proviennent de sources consid\u00e9r\u00e9es comme \u00e9tant fiables.<br \/>Toutefois, ces informations et\/ou documents sont susceptibles de contenir des inexactitudes techniques et des erreurs typographiques.L\u2019EDITEUR se r\u00e9serve le droit de les corriger, d\u00e8s que ces erreurs sont port\u00e9es \u00e0 sa connaissance.<\/p><p>Il est fortement recommand\u00e9 de v\u00e9rifier l\u2019exactitude et la pertinence des informations et\/ou documents mis \u00e0<br \/>disposition sur ce site.<br \/>Les informations et\/ou documents disponibles sur ce site sont susceptibles d\u2019\u00eatre modifi\u00e9s \u00e0 tout moment, et peuvent avoir fait l\u2019objet de mises \u00e0 jour. En particulier, ils peuvent avoir fait l\u2019objet d\u2019une mise \u00e0 jour entre le moment de leur t\u00e9l\u00e9chargement et celui o\u00f9 l\u2019utilisateur en prend connaissance.<\/p><p>L\u2019utilisation des informations et\/ou documents disponibles sur ce site se fait sous l\u2019enti\u00e8re et seule responsabilit\u00e9 de l\u2019utilisateur, qui assume la totalit\u00e9 des cons\u00e9quences pouvant en d\u00e9couler, sans que l\u2019EDITEUR puisse \u00eatre recherch\u00e9 \u00e0 ce titre, et sans recours contre ce dernier.<\/p><p>L\u2019EDITEUR ne pourra en aucun cas \u00eatre tenu responsable de tout dommage de quelque nature qu\u2019il soit r\u00e9sultant de l\u2019interpr\u00e9tation ou de l\u2019utilisation des informations et\/ou documents disponibles sur ce site.<\/p><h3 style=\"color: #98a9bf;\">Acc\u00e8s au site<\/h3><p>L\u2019\u00e9diteur s\u2019efforce de permettre l\u2019acc\u00e8s au site 24 heures sur 24, 7 jours sur 7, sauf en cas de force majeure ou d\u2019un \u00e9v\u00e9nement hors du contr\u00f4le de l\u2019EDITEUR, et sous r\u00e9serve des \u00e9ventuelles pannes et interventions de maintenance n\u00e9cessaires au bon fonctionnement du site et des services.<br \/>Par cons\u00e9quent, l\u2019EDITEUR ne peut garantir une disponibilit\u00e9 du site et\/ou des services, une fiabilit\u00e9 des transmissions et des performances en terme de temps de r\u00e9ponse ou de qualit\u00e9. Il n\u2019est pr\u00e9vu aucune assistance technique vis \u00e0 vis de l\u2019utilisateur que ce soit par des moyens \u00e9lectronique ou t\u00e9l\u00e9phonique.<br \/>La responsabilit\u00e9 de l\u2019\u00e9diteur ne saurait \u00eatre engag\u00e9e en cas d\u2019impossibilit\u00e9 d\u2019acc\u00e8s \u00e0 ce site et\/ou d\u2019utilisation des services.<\/p><p>Par ailleurs, l\u2019EDITEUR peut \u00eatre amen\u00e9 \u00e0 interrompre le site ou une partie des services, \u00e0 tout moment sans pr\u00e9avis, le tout sans droit \u00e0 indemnit\u00e9s. L\u2019utilisateur reconna\u00eet et accepte que l\u2019EDITEUR ne soit pas responsable des interruptions, et des cons\u00e9quences qui peuvent en d\u00e9couler pour l\u2019utilisateur ou tout tiers.<\/p><h3 style=\"color: #98a9bf;\">\u00a0Modification des conditions d\u2019utilisation<\/h3><p>L\u2019EDITEUR se r\u00e9serve la possibilit\u00e9 de modifier, \u00e0 tout moment et sans pr\u00e9avis, les pr\u00e9sentes conditions d\u2019utilisation afin de les adapter aux \u00e9volutions du site et\/ou de son exploitation.<\/p><h3 style=\"color: #98a9bf;\">R\u00e8gles d&rsquo;usage d&rsquo;Internet<\/h3><p>L\u2019utilisateur d\u00e9clare accepter les caract\u00e9ristiques et les limites d\u2019Internet, et notamment reconna\u00eet que :<\/p><p>L\u2019EDITEUR n\u2019assume aucune responsabilit\u00e9 sur les services accessibles par Internet et n\u2019exerce aucun contr\u00f4le de quelque forme que ce soit sur la nature et les caract\u00e9ristiques des donn\u00e9es qui pourraient transiter par l\u2019interm\u00e9diaire de son centre serveur.<br \/>L\u2019utilisateur reconna\u00eet que les donn\u00e9es circulant sur Internet ne sont pas prot\u00e9g\u00e9es notamment contre les d\u00e9tournements \u00e9ventuels. La pr\u00e9sence du logo THEOSTREAM institue une pr\u00e9somption simple de validit\u00e9. La communication de toute information jug\u00e9e par l\u2019utilisateur de nature sensible ou confidentielle se fait \u00e0 ses risques et p\u00e9rils.<\/p><p>L\u2019utilisateur reconna\u00eet que les donn\u00e9es circulant sur Internet peuvent \u00eatre r\u00e9glement\u00e9es en termes d\u2019usage ou \u00eatre prot\u00e9g\u00e9es par un droit de propri\u00e9t\u00e9.<br \/>L\u2019utilisateur est seul responsable de l\u2019usage des donn\u00e9es qu\u2019il consulte, interroge et transf\u00e8re sur Internet.<br \/>L\u2019utilisateur reconna\u00eet que l\u2019EDITEUR ne dispose d\u2019aucun moyen de contr\u00f4le sur le contenu des services accessibles sur Internet<\/p><h3 style=\"color: #98a9bf;\">\u00a0Traitement des donn\u00e9es personnelles<\/h3><p>Dans le cadre de ses activit\u00e9s, l\u2019EDITEUR peut \u00eatre amen\u00e9 \u00e0 traiter des donn\u00e9es \u00e0 caract\u00e8re personnel.<\/p><p>Pour toute question et information relative \u00e0 la RGPD ou pour effectuer une demande d\u2019exercer vos droits d\u2019acc\u00e8s, de rectification, de limitation, de suppression, d\u2019effacement, de portabilit\u00e9 ou d\u2019opposition, vous pouvez nous contacter :<\/p><ul><li>Par mail :\u00a0 <a href=\"mailto:contact@theostream.com\">contact@theostream.com<\/a><\/li><li>Par courrier : <\/li><\/ul><p>Dans le cadre de ses activit\u00e9s, l\u2019EDITEUR collecte les donn\u00e9es personnelles suivantes :<\/p><ul><li>Nom<\/li><li>Pr\u00e9nom<\/li><li>Adresse email<\/li><\/ul><p>Ces donn\u00e9es sont notamment collect\u00e9es sur les formulaires de contact du site <a href=\"https:\/\/theostream.com\/\">https:\/\/theostream.com\/<\/a><\/p><p>L\u2019utilisateur est toujours averti du caract\u00e8re obligatoire ou non du renseignement de la donn\u00e9e.<\/p><p>Du fait de votre navigation au travers le site <a href=\"https:\/\/theostream.com\/\">https:\/\/theostream.com\/<\/a>, l\u2019EDITEUR collecte :<\/p><ul><li>Les donn\u00e9es de navigation (cookies)<\/li><li>L\u2019adresse IP<\/li><\/ul><p>Des \u00ab cookies \u00bb peuvent \u00eatre implant\u00e9s dans votre ordinateur lors de votre connexion au site Internet pr\u00e9cit\u00e9. Un cookie ne permet pas de vous identifier ; en revanche, il enregistre des informations relatives \u00e0 la navigation de votre ordinateur sur le site Internet (les pages que vous avez consult\u00e9es, la date et l\u2019heure de la consultation, etc.) que l\u2019EDITEUR pourra lire lors de vos visites ult\u00e9rieures. La dur\u00e9e de conservation de ces informations dans votre ordinateur d\u00e9pend de la configuration de votre navigateur Internet.<br \/>Nous vous informons que vous pouvez vous opposer \u00e0 l\u2019enregistrement de cookies en configurant votre logiciel de navigation de la mani\u00e8re expliqu\u00e9e sur le site de la CNIL (https:\/\/www.cnil.fr\/fr\/cookies-les-outils-pour-les-maitriser).<\/p><p>L\u2019EDITEUR est seul destinataire des donn\u00e9es \u00e0 caract\u00e8re personnel qu\u2019elle recueille par l\u2019interm\u00e9diaire du site Internet<a href=\"https:\/\/theostream.com\/\"> https:\/\/theostream.com\/<\/a>.<\/p><p>Sous r\u00e9serve des lois applicables, l\u2019EDITEUR collecte et traite vos donn\u00e9es afin de :<\/p><ul><li>Personnaliser votre navigation sur le site<a href=\"https:\/\/theostream.com\/\"> https:\/\/theostream.com\/<\/a>,<\/li><li>Elaborer des statistiques et des enqu\u00eates de satisfaction anonymis\u00e9es,<\/li><li>Vous informer des nouveaut\u00e9s disponibles et des \u00e9ventuelles mises \u00e0 jour du site.<\/li><\/ul><p>Vous pouvez exercer votre droit de demander l\u2019arr\u00eat de ce type de communications.<\/p><p>L\u2019EDITEUR\u00a0 met en \u0153uvre toutes les mesures techniques, informatiques et organisationnelles afin de vous garantir une s\u00e9curit\u00e9 et une confidentialit\u00e9 de l\u2019int\u00e9gralit\u00e9 de vos donn\u00e9es personnelles. Ainsi, nous mettons en \u0153uvre les actions n\u00e9cessaires pour pr\u00e9venir de toute attaque, traitement illicite, perte ou destruction de vos donn\u00e9es.<\/p><ul><li>Vos donn\u00e9es sont h\u00e9berg\u00e9es par l&rsquo;agence Lynx-Business <a href=\"https:\/\/lynx-business.com\">https:\/\/lynx-business.com\/<\/a> sur des serveurs d\u00e9di\u00e9s en France.<\/li><li>En cas de faille de s\u00e9curit\u00e9, l\u2019EDITEUR s\u2019engage \u00e0 alerter l\u2019Autorit\u00e9 de Contr\u00f4le comp\u00e9tente au maximum 72h apr\u00e8s constatation du d\u00e9lit.<\/li><\/ul><p>La totalit\u00e9 de vos donn\u00e9es sont stock\u00e9es et conserv\u00e9es en toute s\u00e9curit\u00e9 sur des serveurs localis\u00e9s en France.<\/p><h3 style=\"color: #98a9bf;\">Droit applicable<\/h3><p>Tant le pr\u00e9sent site que les modalit\u00e9s et conditions de son utilisation sont r\u00e9gis par le droit fran\u00e7ais, quel que soit le lieu d\u2019utilisation. En cas de contestation \u00e9ventuelle, et apr\u00e8s l\u2019\u00e9chec de toute tentative de recherche d\u2019une solution amiable, les tribunaux fran\u00e7ais seront seuls comp\u00e9tents pour conna\u00eetre de ce litige.<\/p><p>Pour toute question relative aux pr\u00e9sentes conditions d\u2019utilisation du site, vous pouvez nous \u00e9crire \u00e0 l\u2019adresse suivante :\u00a0 <a href=\"mailto:episcope@theostream.com\">episcope@theostream.com<\/a><\/p>\t\t\t\t\t\t<\/div>\n\t\t\t\t<\/div>\n\t\t\t\t\t<\/div>\n\t\t<\/div>\n\t\t\t\t\t\t\t<\/div>\n\t\t<\/section>\n\t\t\t\t\t\t\t<\/div>\n\t\t","protected":false},"excerpt":{"rendered":"<p>Conditions G\u00e9n\u00e9rales Conditions g\u00e9n\u00e9rales d&rsquo;utilisation d&rsquo;un site Internet Le pr\u00e9sent document a pour objet de d\u00e9finir les modalit\u00e9s et conditions dans lesquelles d\u2019une part, La Communaut\u00e9 de l&rsquo;Emmanuel, ci-apr\u00e8s d\u00e9nomm\u00e9e l\u2019EDITEUR, met \u00e0 la disposition de ses utilisateurs le site, et les services disponibles sur le site et d\u2019autre part, la mani\u00e8re par laquelle l\u2019utilisateur &hellip;<\/p>\n<p class=\"read-more\"> <a class=\"\" href=\"https:\/\/theostream.com\/p\/conditions-generales\/\"> <span class=\"screen-reader-text\">Conditions G\u00e9n\u00e9rales<\/span> Lire la suite\u00a0\u00bb<\/a><\/p>\n","protected":false},"author":1,"featured_media":0,"parent":0,"menu_order":0,"comment_status":"closed","ping_status":"closed","template":"","meta":{"site-sidebar-layout":"no-sidebar","site-content-layout":"page-builder","ast-global-header-display":"","ast-main-header-display":"","ast-hfb-above-header-display":"","ast-hfb-below-header-display":"","ast-hfb-mobile-header-display":"","site-post-title":"disabled","ast-breadcrumbs-content":"","ast-featured-img":"disabled","footer-sml-layout":"","theme-transparent-header-meta":"","adv-header-id-meta":"","stick-header-meta":"","header-above-stick-meta":"","header-main-stick-meta":"","header-below-stick-meta":"","footnotes":""},"class_list":["post-48","page","type-page","status-publish","hentry"],"_links":{"self":[{"href":"https:\/\/theostream.com\/p\/wp-json\/wp\/v2\/pages\/48","targetHints":{"allow":["GET"]}}],"collection":[{"href":"https:\/\/theostream.com\/p\/wp-json\/wp\/v2\/pages"}],"about":[{"href":"https:\/\/theostream.com\/p\/wp-json\/wp\/v2\/types\/page"}],"author":[{"embeddable":true,"href":"https:\/\/theostream.com\/p\/wp-json\/wp\/v2\/users\/1"}],"replies":[{"embeddable":true,"href":"https:\/\/theostream.com\/p\/wp-json\/wp\/v2\/comments?post=48"}],"version-history":[{"count":63,"href":"https:\/\/theostream.com\/p\/wp-json\/wp\/v2\/pages\/48\/revisions"}],"predecessor-version":[{"id":1195,"href":"https:\/\/theostream.com\/p\/wp-json\/wp\/v2\/pages\/48\/revisions\/1195"}],"wp:attachment":[{"href":"https:\/\/theostream.com\/p\/wp-json\/wp\/v2\/media?parent=48"}],"curies":[{"name":"wp","href":"https:\/\/api.w.org\/{rel}","templated":true}]}}