{"id":499,"date":"2023-02-20T13:52:00","date_gmt":"2023-02-20T13:52:00","guid":{"rendered":"https:\/\/theostream.com\/p\/?page_id=499"},"modified":"2024-01-18T09:45:12","modified_gmt":"2024-01-18T09:45:12","slug":"qui-sommes-nous","status":"publish","type":"page","link":"https:\/\/theostream.com\/p\/","title":{"rendered":"Qui sommes nous"},"content":{"rendered":"\t\t<div data-elementor-type=\"wp-page\" data-elementor-id=\"499\" class=\"elementor elementor-499\">\n\t\t\t\t\t\t\t\t\t<section class=\"elementor-section elementor-top-section elementor-element elementor-element-aae0053 elementor-section-boxed elementor-section-height-default elementor-section-height-default\" data-id=\"aae0053\" data-element_type=\"section\">\n\t\t\t\t\t\t<div class=\"elementor-container elementor-column-gap-default\">\n\t\t\t\t\t<div class=\"elementor-column elementor-col-100 elementor-top-column elementor-element elementor-element-665c85a\" data-id=\"665c85a\" data-element_type=\"column\">\n\t\t\t<div class=\"elementor-widget-wrap elementor-element-populated\">\n\t\t\t\t\t\t\t\t<div class=\"elementor-element elementor-element-0aa83ae elementor-widget elementor-widget-heading\" data-id=\"0aa83ae\" data-element_type=\"widget\" data-widget_type=\"heading.default\">\n\t\t\t\t<div class=\"elementor-widget-container\">\n\t\t\t<style>\/*! elementor - v3.16.0 - 20-09-2023 *\/\n.elementor-heading-title{padding:0;margin:0;line-height:1}.elementor-widget-heading .elementor-heading-title[class*=elementor-size-]>a{color:inherit;font-size:inherit;line-height:inherit}.elementor-widget-heading .elementor-heading-title.elementor-size-small{font-size:15px}.elementor-widget-heading .elementor-heading-title.elementor-size-medium{font-size:19px}.elementor-widget-heading .elementor-heading-title.elementor-size-large{font-size:29px}.elementor-widget-heading .elementor-heading-title.elementor-size-xl{font-size:39px}.elementor-widget-heading .elementor-heading-title.elementor-size-xxl{font-size:59px}<\/style><h1 class=\"elementor-heading-title elementor-size-default\">Qui sommes nous ?<\/h1>\t\t<\/div>\n\t\t\t\t<\/div>\n\t\t\t\t<div class=\"elementor-element elementor-element-fcc8192 elementor-widget elementor-widget-image\" data-id=\"fcc8192\" data-element_type=\"widget\" data-widget_type=\"image.default\">\n\t\t\t\t<div class=\"elementor-widget-container\">\n\t\t\t<style>\/*! elementor - v3.16.0 - 20-09-2023 *\/\n.elementor-widget-image{text-align:center}.elementor-widget-image a{display:inline-block}.elementor-widget-image a img[src$=\".svg\"]{width:48px}.elementor-widget-image img{vertical-align:middle;display:inline-block}<\/style>\t\t\t\t\t\t\t\t\t\t\t\t<img loading=\"lazy\" decoding=\"async\" width=\"300\" height=\"150\" src=\"https:\/\/theostream.com\/p\/wp-content\/uploads\/2023\/02\/duo-logos-V2.png\" class=\"attachment-medium size-medium wp-image-637\" alt=\"\" \/>\t\t\t\t\t\t\t\t\t\t\t\t\t\t\t<\/div>\n\t\t\t\t<\/div>\n\t\t\t\t\t<\/div>\n\t\t<\/div>\n\t\t\t\t\t\t\t<\/div>\n\t\t<\/section>\n\t\t\t\t<section class=\"elementor-section elementor-top-section elementor-element elementor-element-45dfae4 elementor-section-boxed elementor-section-height-default elementor-section-height-default\" data-id=\"45dfae4\" data-element_type=\"section\">\n\t\t\t\t\t\t<div class=\"elementor-container elementor-column-gap-default\">\n\t\t\t\t\t<div class=\"elementor-column elementor-col-100 elementor-top-column elementor-element elementor-element-f59287f\" data-id=\"f59287f\" data-element_type=\"column\">\n\t\t\t<div class=\"elementor-widget-wrap elementor-element-populated\">\n\t\t\t\t\t\t\t\t<div class=\"elementor-element elementor-element-458594c elementor-widget elementor-widget-text-editor\" data-id=\"458594c\" data-element_type=\"widget\" data-widget_type=\"text-editor.default\">\n\t\t\t\t<div class=\"elementor-widget-container\">\n\t\t\t<style>\/*! elementor - v3.16.0 - 20-09-2023 *\/\n.elementor-widget-text-editor.elementor-drop-cap-view-stacked .elementor-drop-cap{background-color:#69727d;color:#fff}.elementor-widget-text-editor.elementor-drop-cap-view-framed .elementor-drop-cap{color:#69727d;border:3px solid;background-color:transparent}.elementor-widget-text-editor:not(.elementor-drop-cap-view-default) .elementor-drop-cap{margin-top:8px}.elementor-widget-text-editor:not(.elementor-drop-cap-view-default) .elementor-drop-cap-letter{width:1em;height:1em}.elementor-widget-text-editor .elementor-drop-cap{float:left;text-align:center;line-height:1;font-size:50px}.elementor-widget-text-editor .elementor-drop-cap-letter{display:inline-block}<\/style>\t\t\t\t<p>Le site \u201cTHEOSTREAM\u201d, vise \u00e0 recenser toutes les belles vid\u00e9os, post\u00e9es sur YouTube, de ceux qui cherchent \u00e0 dire la Bonne Nouvelle de Dieu sur les r\u00e9seaux.<\/p><p>Ce site est d\u00e9sormais sous la responsabilit\u00e9 de la Communaut\u00e9 de l&rsquo;Emmanuel.<\/p><p>Class\u00e9es par th\u00e8mes, en fonction des 50 questions qui semblent revenir le plus souvent, les vid\u00e9os vous permettent d\u2019y trouver un contenu cat\u00e9ch\u00e9tique simple, clair, diversifi\u00e9 et \u0153cum\u00e9nique.<\/p><p>C\u2019est au service de l\u2019\u00c9glise tout enti\u00e8re, et \u00e0 destination de tous.<\/p>\t\t\t\t\t\t<\/div>\n\t\t\t\t<\/div>\n\t\t\t\t\t<\/div>\n\t\t<\/div>\n\t\t\t\t\t\t\t<\/div>\n\t\t<\/section>\n\t\t\t\t\t\t\t<\/div>\n\t\t","protected":false},"excerpt":{"rendered":"<p>Qui sommes nous ? Le site \u201cTHEOSTREAM\u201d, vise \u00e0 recenser toutes les belles vid\u00e9os, post\u00e9es sur YouTube, de ceux qui cherchent \u00e0 dire la Bonne Nouvelle de Dieu sur les r\u00e9seaux. Ce site est d\u00e9sormais sous la responsabilit\u00e9 de la Communaut\u00e9 de l&rsquo;Emmanuel. Class\u00e9es par th\u00e8mes, en fonction des 50 questions qui semblent revenir le &hellip;<\/p>\n<p class=\"read-more\"> <a class=\"\" href=\"https:\/\/theostream.com\/p\/\"> <span class=\"screen-reader-text\">Qui sommes nous<\/span> Lire la suite\u00a0\u00bb<\/a><\/p>\n","protected":false},"author":1,"featured_media":0,"parent":0,"menu_order":0,"comment_status":"closed","ping_status":"closed","template":"","meta":{"site-sidebar-layout":"no-sidebar","site-content-layout":"page-builder","ast-global-header-display":"","ast-main-header-display":"","ast-hfb-above-header-display":"","ast-hfb-below-header-display":"","ast-hfb-mobile-header-display":"","site-post-title":"disabled","ast-breadcrumbs-content":"","ast-featured-img":"disabled","footer-sml-layout":"","theme-transparent-header-meta":"","adv-header-id-meta":"","stick-header-meta":"","header-above-stick-meta":"","header-main-stick-meta":"","header-below-stick-meta":"","footnotes":""},"class_list":["post-499","page","type-page","status-publish","hentry"],"_links":{"self":[{"href":"https:\/\/theostream.com\/p\/wp-json\/wp\/v2\/pages\/499","targetHints":{"allow":["GET"]}}],"collection":[{"href":"https:\/\/theostream.com\/p\/wp-json\/wp\/v2\/pages"}],"about":[{"href":"https:\/\/theostream.com\/p\/wp-json\/wp\/v2\/types\/page"}],"author":[{"embeddable":true,"href":"https:\/\/theostream.com\/p\/wp-json\/wp\/v2\/users\/1"}],"replies":[{"embeddable":true,"href":"https:\/\/theostream.com\/p\/wp-json\/wp\/v2\/comments?post=499"}],"version-history":[{"count":58,"href":"https:\/\/theostream.com\/p\/wp-json\/wp\/v2\/pages\/499\/revisions"}],"predecessor-version":[{"id":1227,"href":"https:\/\/theostream.com\/p\/wp-json\/wp\/v2\/pages\/499\/revisions\/1227"}],"wp:attachment":[{"href":"https:\/\/theostream.com\/p\/wp-json\/wp\/v2\/media?parent=499"}],"curies":[{"name":"wp","href":"https:\/\/api.w.org\/{rel}","templated":true}]}}