{"id":518,"date":"2023-02-20T17:07:36","date_gmt":"2023-02-20T17:07:36","guid":{"rendered":"https:\/\/theostream.com\/p\/?page_id=518"},"modified":"2024-01-18T09:50:05","modified_gmt":"2024-01-18T09:50:05","slug":"nous-soutenir","status":"publish","type":"page","link":"https:\/\/theostream.com\/p\/nous-soutenir\/","title":{"rendered":"Nous soutenir"},"content":{"rendered":"\t\t<div data-elementor-type=\"wp-page\" data-elementor-id=\"518\" class=\"elementor elementor-518\">\n\t\t\t\t\t\t\t\t\t<section class=\"elementor-section elementor-top-section elementor-element elementor-element-aae0053 elementor-section-boxed elementor-section-height-default elementor-section-height-default\" data-id=\"aae0053\" data-element_type=\"section\">\n\t\t\t\t\t\t<div class=\"elementor-container elementor-column-gap-default\">\n\t\t\t\t\t<div class=\"elementor-column elementor-col-100 elementor-top-column elementor-element elementor-element-665c85a\" data-id=\"665c85a\" data-element_type=\"column\">\n\t\t\t<div class=\"elementor-widget-wrap elementor-element-populated\">\n\t\t\t\t\t\t\t\t<div class=\"elementor-element elementor-element-2d1d61c elementor-widget elementor-widget-heading\" data-id=\"2d1d61c\" data-element_type=\"widget\" data-widget_type=\"heading.default\">\n\t\t\t\t<div class=\"elementor-widget-container\">\n\t\t\t<style>\/*! elementor - v3.16.0 - 20-09-2023 *\/\n.elementor-heading-title{padding:0;margin:0;line-height:1}.elementor-widget-heading .elementor-heading-title[class*=elementor-size-]>a{color:inherit;font-size:inherit;line-height:inherit}.elementor-widget-heading .elementor-heading-title.elementor-size-small{font-size:15px}.elementor-widget-heading .elementor-heading-title.elementor-size-medium{font-size:19px}.elementor-widget-heading .elementor-heading-title.elementor-size-large{font-size:29px}.elementor-widget-heading .elementor-heading-title.elementor-size-xl{font-size:39px}.elementor-widget-heading .elementor-heading-title.elementor-size-xxl{font-size:59px}<\/style><h1 class=\"elementor-heading-title elementor-size-default\">Nous soutenir<\/h1>\t\t<\/div>\n\t\t\t\t<\/div>\n\t\t\t\t\t<\/div>\n\t\t<\/div>\n\t\t\t\t\t\t\t<\/div>\n\t\t<\/section>\n\t\t\t\t<section class=\"elementor-section elementor-top-section elementor-element elementor-element-45dfae4 elementor-section-boxed elementor-section-height-default elementor-section-height-default\" data-id=\"45dfae4\" data-element_type=\"section\">\n\t\t\t\t\t\t<div class=\"elementor-container elementor-column-gap-default\">\n\t\t\t\t\t<div class=\"elementor-column elementor-col-100 elementor-top-column elementor-element elementor-element-f59287f\" data-id=\"f59287f\" data-element_type=\"column\">\n\t\t\t<div class=\"elementor-widget-wrap elementor-element-populated\">\n\t\t\t\t\t\t\t\t<div class=\"elementor-element elementor-element-8125f2c elementor-widget elementor-widget-text-editor\" data-id=\"8125f2c\" data-element_type=\"widget\" data-widget_type=\"text-editor.default\">\n\t\t\t\t<div class=\"elementor-widget-container\">\n\t\t\t<style>\/*! elementor - v3.16.0 - 20-09-2023 *\/\n.elementor-widget-text-editor.elementor-drop-cap-view-stacked .elementor-drop-cap{background-color:#69727d;color:#fff}.elementor-widget-text-editor.elementor-drop-cap-view-framed .elementor-drop-cap{color:#69727d;border:3px solid;background-color:transparent}.elementor-widget-text-editor:not(.elementor-drop-cap-view-default) .elementor-drop-cap{margin-top:8px}.elementor-widget-text-editor:not(.elementor-drop-cap-view-default) .elementor-drop-cap-letter{width:1em;height:1em}.elementor-widget-text-editor .elementor-drop-cap{float:left;text-align:center;line-height:1;font-size:50px}.elementor-widget-text-editor .elementor-drop-cap-letter{display:inline-block}<\/style>\t\t\t\t<p style=\"text-align: center;\">Notre plateforme repose exclusivement sur vos dons.<\/p><p style=\"text-align: center;\">Parce que nous serions heureux de pouvoir vous offrir un contenu<br \/>toujours plus complet et pertinent, \u00e0 l\u2019\u00e9coute de vos besoins,<br \/>votre aide est pr\u00e9cieuse :<\/p><h2 style=\"color: #eeeeee; text-align: center;\"><b>Je fais un don<\/b><\/h2><p style=\"text-align: center;\"><strong>Vous trouverez bient\u00f4t ici un lien vers une page sp\u00e9cifique.<br \/><\/strong><\/p>\t\t\t\t\t\t<\/div>\n\t\t\t\t<\/div>\n\t\t\t\t\t<\/div>\n\t\t<\/div>\n\t\t\t\t\t\t\t<\/div>\n\t\t<\/section>\n\t\t\t\t<section class=\"elementor-section elementor-top-section elementor-element elementor-element-a76a388 elementor-section-boxed elementor-section-height-default elementor-section-height-default\" data-id=\"a76a388\" data-element_type=\"section\">\n\t\t\t\t\t\t<div class=\"elementor-container elementor-column-gap-default\">\n\t\t\t\t\t<div class=\"elementor-column elementor-col-100 elementor-top-column elementor-element elementor-element-ac8fb28\" data-id=\"ac8fb28\" data-element_type=\"column\">\n\t\t\t<div class=\"elementor-widget-wrap\">\n\t\t\t\t\t\t\t\t\t<\/div>\n\t\t<\/div>\n\t\t\t\t\t\t\t<\/div>\n\t\t<\/section>\n\t\t\t\t\t\t\t<\/div>\n\t\t","protected":false},"excerpt":{"rendered":"<p>Nous soutenir Notre plateforme repose exclusivement sur vos dons. Parce que nous serions heureux de pouvoir vous offrir un contenutoujours plus complet et pertinent, \u00e0 l\u2019\u00e9coute de vos besoins,votre aide est pr\u00e9cieuse : Je fais un don Vous trouverez bient\u00f4t ici un lien vers une page sp\u00e9cifique.<\/p>\n","protected":false},"author":1,"featured_media":0,"parent":0,"menu_order":0,"comment_status":"closed","ping_status":"closed","template":"","meta":{"site-sidebar-layout":"no-sidebar","site-content-layout":"page-builder","ast-global-header-display":"","ast-main-header-display":"","ast-hfb-above-header-display":"","ast-hfb-below-header-display":"","ast-hfb-mobile-header-display":"","site-post-title":"disabled","ast-breadcrumbs-content":"","ast-featured-img":"disabled","footer-sml-layout":"","theme-transparent-header-meta":"","adv-header-id-meta":"","stick-header-meta":"","header-above-stick-meta":"","header-main-stick-meta":"","header-below-stick-meta":"","footnotes":""},"class_list":["post-518","page","type-page","status-publish","hentry"],"_links":{"self":[{"href":"https:\/\/theostream.com\/p\/wp-json\/wp\/v2\/pages\/518","targetHints":{"allow":["GET"]}}],"collection":[{"href":"https:\/\/theostream.com\/p\/wp-json\/wp\/v2\/pages"}],"about":[{"href":"https:\/\/theostream.com\/p\/wp-json\/wp\/v2\/types\/page"}],"author":[{"embeddable":true,"href":"https:\/\/theostream.com\/p\/wp-json\/wp\/v2\/users\/1"}],"replies":[{"embeddable":true,"href":"https:\/\/theostream.com\/p\/wp-json\/wp\/v2\/comments?post=518"}],"version-history":[{"count":67,"href":"https:\/\/theostream.com\/p\/wp-json\/wp\/v2\/pages\/518\/revisions"}],"predecessor-version":[{"id":1239,"href":"https:\/\/theostream.com\/p\/wp-json\/wp\/v2\/pages\/518\/revisions\/1239"}],"wp:attachment":[{"href":"https:\/\/theostream.com\/p\/wp-json\/wp\/v2\/media?parent=518"}],"curies":[{"name":"wp","href":"https:\/\/api.w.org\/{rel}","templated":true}]}}